{"id":5571,"date":"2021-03-12T16:44:01","date_gmt":"2021-03-12T15:44:01","guid":{"rendered":"https:\/\/gillesetboissier.prodsolead.com\/table\/"},"modified":"2025-09-12T14:00:41","modified_gmt":"2025-09-12T12:00:41","slug":"table","status":"publish","type":"page","link":"https:\/\/gillesetboissier.prodsolead.com\/en\/collections\/table\/","title":{"rendered":"Table"},"content":{"rendered":"","protected":false},"excerpt":{"rendered":"","protected":false},"author":268,"featured_media":0,"parent":5651,"menu_order":0,"comment_status":"closed","ping_status":"closed","template":"templates\/t-wysiwyg.php","meta":{"_acf_changed":false,"inline_featured_image":false,"footnotes":""},"class_list":["post-5571","page","type-page","status-publish","hentry"],"yoast_head":"<!-- This site is optimized with the Yoast SEO plugin v23.8 - https:\/\/yoast.com\/wordpress\/plugins\/seo\/ -->\n<title>Table - Luxe &amp; Haut de Gamme<\/title>\n<meta name=\"description\" content=\"Les tables Gilles &amp; Boissier, incarnant \u00e9l\u00e9gance et authenticit\u00e9, ajoutent une touche de caract\u00e8re \u00e0 votre int\u00e9rieur.\" \/>\n<meta name=\"robots\" content=\"noindex, follow, max-snippet:-1, max-image-preview:large, max-video-preview:-1\" \/>\n<meta property=\"og:locale\" content=\"en_US\" \/>\n<meta property=\"og:type\" content=\"article\" \/>\n<meta property=\"og:title\" content=\"Table - Luxe &amp; Haut de Gamme\" \/>\n<meta property=\"og:description\" content=\"Les tables Gilles &amp; Boissier, incarnant \u00e9l\u00e9gance et authenticit\u00e9, ajoutent une touche de caract\u00e8re \u00e0 votre int\u00e9rieur.\" \/>\n<meta property=\"og:url\" content=\"https:\/\/gillesetboissier.prodsolead.com\/en\/collections\/table\/\" \/>\n<meta property=\"og:site_name\" content=\"Gilles &amp; Boissier\" \/>\n<meta property=\"article:modified_time\" content=\"2025-09-12T12:00:41+00:00\" \/>\n<meta name=\"twitter:card\" content=\"summary_large_image\" \/>\n<script type=\"application\/ld+json\" class=\"yoast-schema-graph\">{\"@context\":\"https:\/\/schema.org\",\"@graph\":[{\"@type\":\"WebPage\",\"@id\":\"https:\/\/gillesetboissier.prodsolead.com\/en\/collections\/table\/\",\"url\":\"https:\/\/gillesetboissier.prodsolead.com\/en\/collections\/table\/\",\"name\":\"Table - Luxe & Haut de Gamme\",\"isPartOf\":{\"@id\":\"https:\/\/gillesetboissier.prodsolead.com\/en\/#website\"},\"datePublished\":\"2021-03-12T15:44:01+00:00\",\"dateModified\":\"2025-09-12T12:00:41+00:00\",\"description\":\"Les tables Gilles & Boissier, incarnant \u00e9l\u00e9gance et authenticit\u00e9, ajoutent une touche de caract\u00e8re \u00e0 votre int\u00e9rieur.\",\"breadcrumb\":{\"@id\":\"https:\/\/gillesetboissier.prodsolead.com\/en\/collections\/table\/#breadcrumb\"},\"inLanguage\":\"en-US\",\"potentialAction\":[{\"@type\":\"ReadAction\",\"target\":[\"https:\/\/gillesetboissier.prodsolead.com\/en\/collections\/table\/\"]}]},{\"@type\":\"BreadcrumbList\",\"@id\":\"https:\/\/gillesetboissier.prodsolead.com\/en\/collections\/table\/#breadcrumb\",\"itemListElement\":[{\"@type\":\"ListItem\",\"position\":1,\"name\":\"Accueil\",\"item\":\"https:\/\/gillesetboissier.prodsolead.com\/en\/\"},{\"@type\":\"ListItem\",\"position\":2,\"name\":\"Collections\",\"item\":\"https:\/\/gillesetboissier.prodsolead.com\/en\/collections\/\"},{\"@type\":\"ListItem\",\"position\":3,\"name\":\"Table\"}]},{\"@type\":\"WebSite\",\"@id\":\"https:\/\/gillesetboissier.prodsolead.com\/en\/#website\",\"url\":\"https:\/\/gillesetboissier.prodsolead.com\/en\/\",\"name\":\"Gilles & Boissier\",\"description\":\"Agence d\u2019architecture, de d\u00e9coration et de graphisme.\",\"publisher\":{\"@id\":\"https:\/\/gillesetboissier.prodsolead.com\/en\/#organization\"},\"potentialAction\":[{\"@type\":\"SearchAction\",\"target\":{\"@type\":\"EntryPoint\",\"urlTemplate\":\"https:\/\/gillesetboissier.prodsolead.com\/en\/?s={search_term_string}\"},\"query-input\":{\"@type\":\"PropertyValueSpecification\",\"valueRequired\":true,\"valueName\":\"search_term_string\"}}],\"inLanguage\":\"en-US\"},{\"@type\":\"Organization\",\"@id\":\"https:\/\/gillesetboissier.prodsolead.com\/en\/#organization\",\"name\":\"Gilles & Boissier\",\"url\":\"https:\/\/gillesetboissier.prodsolead.com\/en\/\",\"logo\":{\"@type\":\"ImageObject\",\"inLanguage\":\"en-US\",\"@id\":\"https:\/\/gillesetboissier.prodsolead.com\/en\/#\/schema\/logo\/image\/\",\"url\":\"https:\/\/gillesetboissier.prodsolead.com\/wp-content\/uploads\/LOGO-Gilles-et-boissier.png\",\"contentUrl\":\"https:\/\/gillesetboissier.prodsolead.com\/wp-content\/uploads\/LOGO-Gilles-et-boissier.png\",\"width\":496,\"height\":43,\"caption\":\"Gilles & Boissier\"},\"image\":{\"@id\":\"https:\/\/gillesetboissier.prodsolead.com\/en\/#\/schema\/logo\/image\/\"}}]}<\/script>\n<!-- \/ Yoast SEO plugin. -->","yoast_head_json":{"title":"Table - Luxe & Haut de Gamme","description":"Les tables Gilles & Boissier, incarnant \u00e9l\u00e9gance et authenticit\u00e9, ajoutent une touche de caract\u00e8re \u00e0 votre int\u00e9rieur.","robots":{"index":"noindex","follow":"follow","max-snippet":"max-snippet:-1","max-image-preview":"max-image-preview:large","max-video-preview":"max-video-preview:-1"},"og_locale":"en_US","og_type":"article","og_title":"Table - Luxe & Haut de Gamme","og_description":"Les tables Gilles & Boissier, incarnant \u00e9l\u00e9gance et authenticit\u00e9, ajoutent une touche de caract\u00e8re \u00e0 votre int\u00e9rieur.","og_url":"https:\/\/gillesetboissier.prodsolead.com\/en\/collections\/table\/","og_site_name":"Gilles &amp; Boissier","article_modified_time":"2025-09-12T12:00:41+00:00","twitter_card":"summary_large_image","schema":{"@context":"https:\/\/schema.org","@graph":[{"@type":"WebPage","@id":"https:\/\/gillesetboissier.prodsolead.com\/en\/collections\/table\/","url":"https:\/\/gillesetboissier.prodsolead.com\/en\/collections\/table\/","name":"Table - Luxe & Haut de Gamme","isPartOf":{"@id":"https:\/\/gillesetboissier.prodsolead.com\/en\/#website"},"datePublished":"2021-03-12T15:44:01+00:00","dateModified":"2025-09-12T12:00:41+00:00","description":"Les tables Gilles & Boissier, incarnant \u00e9l\u00e9gance et authenticit\u00e9, ajoutent une touche de caract\u00e8re \u00e0 votre int\u00e9rieur.","breadcrumb":{"@id":"https:\/\/gillesetboissier.prodsolead.com\/en\/collections\/table\/#breadcrumb"},"inLanguage":"en-US","potentialAction":[{"@type":"ReadAction","target":["https:\/\/gillesetboissier.prodsolead.com\/en\/collections\/table\/"]}]},{"@type":"BreadcrumbList","@id":"https:\/\/gillesetboissier.prodsolead.com\/en\/collections\/table\/#breadcrumb","itemListElement":[{"@type":"ListItem","position":1,"name":"Accueil","item":"https:\/\/gillesetboissier.prodsolead.com\/en\/"},{"@type":"ListItem","position":2,"name":"Collections","item":"https:\/\/gillesetboissier.prodsolead.com\/en\/collections\/"},{"@type":"ListItem","position":3,"name":"Table"}]},{"@type":"WebSite","@id":"https:\/\/gillesetboissier.prodsolead.com\/en\/#website","url":"https:\/\/gillesetboissier.prodsolead.com\/en\/","name":"Gilles & Boissier","description":"Agence d\u2019architecture, de d\u00e9coration et de graphisme.","publisher":{"@id":"https:\/\/gillesetboissier.prodsolead.com\/en\/#organization"},"potentialAction":[{"@type":"SearchAction","target":{"@type":"EntryPoint","urlTemplate":"https:\/\/gillesetboissier.prodsolead.com\/en\/?s={search_term_string}"},"query-input":{"@type":"PropertyValueSpecification","valueRequired":true,"valueName":"search_term_string"}}],"inLanguage":"en-US"},{"@type":"Organization","@id":"https:\/\/gillesetboissier.prodsolead.com\/en\/#organization","name":"Gilles & Boissier","url":"https:\/\/gillesetboissier.prodsolead.com\/en\/","logo":{"@type":"ImageObject","inLanguage":"en-US","@id":"https:\/\/gillesetboissier.prodsolead.com\/en\/#\/schema\/logo\/image\/","url":"https:\/\/gillesetboissier.prodsolead.com\/wp-content\/uploads\/LOGO-Gilles-et-boissier.png","contentUrl":"https:\/\/gillesetboissier.prodsolead.com\/wp-content\/uploads\/LOGO-Gilles-et-boissier.png","width":496,"height":43,"caption":"Gilles & Boissier"},"image":{"@id":"https:\/\/gillesetboissier.prodsolead.com\/en\/#\/schema\/logo\/image\/"}}]}},"acf":[],"_links":{"self":[{"href":"https:\/\/gillesetboissier.prodsolead.com\/en\/wp-json\/wp\/v2\/pages\/5571","targetHints":{"allow":["GET"]}}],"collection":[{"href":"https:\/\/gillesetboissier.prodsolead.com\/en\/wp-json\/wp\/v2\/pages"}],"about":[{"href":"https:\/\/gillesetboissier.prodsolead.com\/en\/wp-json\/wp\/v2\/types\/page"}],"author":[{"embeddable":true,"href":"https:\/\/gillesetboissier.prodsolead.com\/en\/wp-json\/wp\/v2\/users\/268"}],"replies":[{"embeddable":true,"href":"https:\/\/gillesetboissier.prodsolead.com\/en\/wp-json\/wp\/v2\/comments?post=5571"}],"version-history":[{"count":13,"href":"https:\/\/gillesetboissier.prodsolead.com\/en\/wp-json\/wp\/v2\/pages\/5571\/revisions"}],"predecessor-version":[{"id":27698,"href":"https:\/\/gillesetboissier.prodsolead.com\/en\/wp-json\/wp\/v2\/pages\/5571\/revisions\/27698"}],"up":[{"embeddable":true,"href":"https:\/\/gillesetboissier.prodsolead.com\/en\/wp-json\/wp\/v2\/pages\/5651"}],"wp:attachment":[{"href":"https:\/\/gillesetboissier.prodsolead.com\/en\/wp-json\/wp\/v2\/media?parent=5571"}],"curies":[{"name":"wp","href":"https:\/\/api.w.org\/{rel}","templated":true}]}}