{"id":22321,"date":"2025-05-16T12:21:57","date_gmt":"2025-05-16T10:22:02","guid":{"rendered":"https:\/\/gillesetboissier.prodsolead.com\/produit\/ephialtes\/"},"modified":"2025-10-21T04:01:55","modified_gmt":"2025-10-21T02:01:55","slug":"ephialtes","status":"publish","type":"product","link":"https:\/\/gillesetboissier.prodsolead.com\/en\/product\/ephialtes\/","title":{"rendered":"\u00c9PHIALT\u00c8S"},"content":{"rendered":"<p>The Ephialt\u00e8s wall sconce, crafted from black waxed brass, reveals its brushed brass interior through slits, allowing light to pass through and enhance the artisanal craftsmanship of the material. Its design is the result of serendipity in the workshop, those unforeseen elements that give each object its unique character.<\/p>\n","protected":false},"excerpt":{"rendered":"<p>The Ephialt\u00e8s wall sconce, crafted from black waxed brass, reveals its brushed brass interior through slits, allowing light to pass through and enhance the artisanal\u2026<\/p>\n","protected":false},"featured_media":0,"template":"","meta":{"_acf_changed":false,"inline_featured_image":false},"product_cat":[10362],"product_tag":[10288],"class_list":{"0":"post-22321","1":"product","2":"type-product","3":"status-publish","5":"product_cat-sconce_en","6":"product_tag-produits-en-vente-en","8":"first","9":"instock","10":"taxable","11":"shipping-taxable","12":"purchasable","13":"product-type-variable","14":"has-default-attributes"},"yoast_head":"<!-- This site is optimized with the Yoast SEO plugin v23.8 - https:\/\/yoast.com\/wordpress\/plugins\/seo\/ -->\n<title>\u00c9PHIALT\u00c8S - Gilles &amp; Boissier<\/title>\n<meta name=\"robots\" content=\"noindex, follow, max-snippet:-1, max-image-preview:large, max-video-preview:-1\" \/>\n<meta property=\"og:locale\" content=\"en_US\" \/>\n<meta property=\"og:type\" content=\"article\" \/>\n<meta property=\"og:title\" content=\"\u00c9PHIALT\u00c8S - Gilles &amp; Boissier\" \/>\n<meta property=\"og:description\" content=\"The Ephialt\u00e8s wall sconce, crafted from black waxed brass, reveals its brushed brass interior through slits, allowing light to pass through and enhance the artisanal\u2026\" \/>\n<meta property=\"og:url\" content=\"https:\/\/gillesetboissier.prodsolead.com\/en\/product\/ephialtes\/\" \/>\n<meta property=\"og:site_name\" content=\"Gilles &amp; Boissier\" \/>\n<meta property=\"article:modified_time\" content=\"2025-10-21T02:01:55+00:00\" \/>\n<meta name=\"twitter:card\" content=\"summary_large_image\" \/>\n<script type=\"application\/ld+json\" class=\"yoast-schema-graph\">{\"@context\":\"https:\/\/schema.org\",\"@graph\":[{\"@type\":\"WebPage\",\"@id\":\"https:\/\/gillesetboissier.prodsolead.com\/en\/product\/ephialtes\/\",\"url\":\"https:\/\/gillesetboissier.prodsolead.com\/en\/product\/ephialtes\/\",\"name\":\"\u00c9PHIALT\u00c8S - Gilles &amp; Boissier\",\"isPartOf\":{\"@id\":\"https:\/\/gillesetboissier.prodsolead.com\/en\/#website\"},\"datePublished\":\"2025-05-16T10:22:02+00:00\",\"dateModified\":\"2025-10-21T02:01:55+00:00\",\"breadcrumb\":{\"@id\":\"https:\/\/gillesetboissier.prodsolead.com\/en\/product\/ephialtes\/#breadcrumb\"},\"inLanguage\":\"en-US\",\"potentialAction\":[{\"@type\":\"ReadAction\",\"target\":[\"https:\/\/gillesetboissier.prodsolead.com\/en\/product\/ephialtes\/\"]}]},{\"@type\":\"BreadcrumbList\",\"@id\":\"https:\/\/gillesetboissier.prodsolead.com\/en\/product\/ephialtes\/#breadcrumb\",\"itemListElement\":[{\"@type\":\"ListItem\",\"position\":1,\"name\":\"Accueil\",\"item\":\"https:\/\/gillesetboissier.prodsolead.com\/en\/\"},{\"@type\":\"ListItem\",\"position\":2,\"name\":\"Shop classic\",\"item\":\"https:\/\/gillesetboissier.prodsolead.com\/en\/shop-old\/\"},{\"@type\":\"ListItem\",\"position\":3,\"name\":\"\u00c9PHIALT\u00c8S\"}]},{\"@type\":\"WebSite\",\"@id\":\"https:\/\/gillesetboissier.prodsolead.com\/en\/#website\",\"url\":\"https:\/\/gillesetboissier.prodsolead.com\/en\/\",\"name\":\"Gilles & Boissier\",\"description\":\"Agence d\u2019architecture, de d\u00e9coration et de graphisme.\",\"publisher\":{\"@id\":\"https:\/\/gillesetboissier.prodsolead.com\/en\/#organization\"},\"potentialAction\":[{\"@type\":\"SearchAction\",\"target\":{\"@type\":\"EntryPoint\",\"urlTemplate\":\"https:\/\/gillesetboissier.prodsolead.com\/en\/?s={search_term_string}\"},\"query-input\":{\"@type\":\"PropertyValueSpecification\",\"valueRequired\":true,\"valueName\":\"search_term_string\"}}],\"inLanguage\":\"en-US\"},{\"@type\":\"Organization\",\"@id\":\"https:\/\/gillesetboissier.prodsolead.com\/en\/#organization\",\"name\":\"Gilles & Boissier\",\"url\":\"https:\/\/gillesetboissier.prodsolead.com\/en\/\",\"logo\":{\"@type\":\"ImageObject\",\"inLanguage\":\"en-US\",\"@id\":\"https:\/\/gillesetboissier.prodsolead.com\/en\/#\/schema\/logo\/image\/\",\"url\":\"https:\/\/gillesetboissier.prodsolead.com\/wp-content\/uploads\/LOGO-Gilles-et-boissier.png\",\"contentUrl\":\"https:\/\/gillesetboissier.prodsolead.com\/wp-content\/uploads\/LOGO-Gilles-et-boissier.png\",\"width\":496,\"height\":43,\"caption\":\"Gilles & Boissier\"},\"image\":{\"@id\":\"https:\/\/gillesetboissier.prodsolead.com\/en\/#\/schema\/logo\/image\/\"}}]}<\/script>\n<!-- \/ Yoast SEO plugin. -->","yoast_head_json":{"title":"\u00c9PHIALT\u00c8S - Gilles &amp; Boissier","robots":{"index":"noindex","follow":"follow","max-snippet":"max-snippet:-1","max-image-preview":"max-image-preview:large","max-video-preview":"max-video-preview:-1"},"og_locale":"en_US","og_type":"article","og_title":"\u00c9PHIALT\u00c8S - Gilles &amp; Boissier","og_description":"The Ephialt\u00e8s wall sconce, crafted from black waxed brass, reveals its brushed brass interior through slits, allowing light to pass through and enhance the artisanal\u2026","og_url":"https:\/\/gillesetboissier.prodsolead.com\/en\/product\/ephialtes\/","og_site_name":"Gilles &amp; Boissier","article_modified_time":"2025-10-21T02:01:55+00:00","twitter_card":"summary_large_image","schema":{"@context":"https:\/\/schema.org","@graph":[{"@type":"WebPage","@id":"https:\/\/gillesetboissier.prodsolead.com\/en\/product\/ephialtes\/","url":"https:\/\/gillesetboissier.prodsolead.com\/en\/product\/ephialtes\/","name":"\u00c9PHIALT\u00c8S - Gilles &amp; Boissier","isPartOf":{"@id":"https:\/\/gillesetboissier.prodsolead.com\/en\/#website"},"datePublished":"2025-05-16T10:22:02+00:00","dateModified":"2025-10-21T02:01:55+00:00","breadcrumb":{"@id":"https:\/\/gillesetboissier.prodsolead.com\/en\/product\/ephialtes\/#breadcrumb"},"inLanguage":"en-US","potentialAction":[{"@type":"ReadAction","target":["https:\/\/gillesetboissier.prodsolead.com\/en\/product\/ephialtes\/"]}]},{"@type":"BreadcrumbList","@id":"https:\/\/gillesetboissier.prodsolead.com\/en\/product\/ephialtes\/#breadcrumb","itemListElement":[{"@type":"ListItem","position":1,"name":"Accueil","item":"https:\/\/gillesetboissier.prodsolead.com\/en\/"},{"@type":"ListItem","position":2,"name":"Shop classic","item":"https:\/\/gillesetboissier.prodsolead.com\/en\/shop-old\/"},{"@type":"ListItem","position":3,"name":"\u00c9PHIALT\u00c8S"}]},{"@type":"WebSite","@id":"https:\/\/gillesetboissier.prodsolead.com\/en\/#website","url":"https:\/\/gillesetboissier.prodsolead.com\/en\/","name":"Gilles & Boissier","description":"Agence d\u2019architecture, de d\u00e9coration et de graphisme.","publisher":{"@id":"https:\/\/gillesetboissier.prodsolead.com\/en\/#organization"},"potentialAction":[{"@type":"SearchAction","target":{"@type":"EntryPoint","urlTemplate":"https:\/\/gillesetboissier.prodsolead.com\/en\/?s={search_term_string}"},"query-input":{"@type":"PropertyValueSpecification","valueRequired":true,"valueName":"search_term_string"}}],"inLanguage":"en-US"},{"@type":"Organization","@id":"https:\/\/gillesetboissier.prodsolead.com\/en\/#organization","name":"Gilles & Boissier","url":"https:\/\/gillesetboissier.prodsolead.com\/en\/","logo":{"@type":"ImageObject","inLanguage":"en-US","@id":"https:\/\/gillesetboissier.prodsolead.com\/en\/#\/schema\/logo\/image\/","url":"https:\/\/gillesetboissier.prodsolead.com\/wp-content\/uploads\/LOGO-Gilles-et-boissier.png","contentUrl":"https:\/\/gillesetboissier.prodsolead.com\/wp-content\/uploads\/LOGO-Gilles-et-boissier.png","width":496,"height":43,"caption":"Gilles & Boissier"},"image":{"@id":"https:\/\/gillesetboissier.prodsolead.com\/en\/#\/schema\/logo\/image\/"}}]}},"acf":[],"_links":{"self":[{"href":"https:\/\/gillesetboissier.prodsolead.com\/en\/wp-json\/wp\/v2\/product\/22321","targetHints":{"allow":["GET"]}}],"collection":[{"href":"https:\/\/gillesetboissier.prodsolead.com\/en\/wp-json\/wp\/v2\/product"}],"about":[{"href":"https:\/\/gillesetboissier.prodsolead.com\/en\/wp-json\/wp\/v2\/types\/product"}],"wp:attachment":[{"href":"https:\/\/gillesetboissier.prodsolead.com\/en\/wp-json\/wp\/v2\/media?parent=22321"}],"wp:term":[{"taxonomy":"product_cat","embeddable":true,"href":"https:\/\/gillesetboissier.prodsolead.com\/en\/wp-json\/wp\/v2\/product_cat?post=22321"},{"taxonomy":"product_tag","embeddable":true,"href":"https:\/\/gillesetboissier.prodsolead.com\/en\/wp-json\/wp\/v2\/product_tag?post=22321"}],"curies":[{"name":"wp","href":"https:\/\/api.w.org\/{rel}","templated":true}]}}