{"id":24881,"date":"2025-05-26T14:37:40","date_gmt":"2025-05-26T12:37:42","guid":{"rendered":"https:\/\/gillesetboissier.prodsolead.com\/produit\/egee\/"},"modified":"2025-10-19T12:16:23","modified_gmt":"2025-10-19T10:16:23","slug":"egee","status":"publish","type":"product","link":"https:\/\/gillesetboissier.prodsolead.com\/en\/product\/egee\/","title":{"rendered":"\u00c9G\u00c9E"},"content":{"rendered":"<p>The Eg\u00e9e table draws its inspiration from the tradition of drapier tables with their robust and functional design, used for measuring, cutting, and sometimes even displaying fabrics. It features sturdy claws in brushed cedar encasing a marble top. Its design, seemingly simple, conceals a complexity in its manufacture, with a base that is both massive and delicately curved in the shape of a comma. Available in smoked oak or in softened Calacatta Oro marble with a smoked oak base. Customizable on request.<\/p>\n","protected":false},"excerpt":{"rendered":"<p>Calacatta Oro marble top \/ Black waxed brushed cedar base<\/p>\n<p>W 90,55 x D 37,80 x H 29,13 inch<\/p>\n","protected":false},"featured_media":0,"template":"","meta":{"_acf_changed":false,"inline_featured_image":false},"product_cat":[10494],"product_tag":[126],"class_list":{"0":"post-24881","1":"product","2":"type-product","3":"status-publish","5":"product_cat-table_en","6":"product_tag-essentials-en","8":"first","9":"instock","10":"taxable","11":"shipping-taxable","12":"product-type-simple"},"yoast_head":"<!-- This site is optimized with the Yoast SEO plugin v23.8 - https:\/\/yoast.com\/wordpress\/plugins\/seo\/ -->\n<title>\u00c9G\u00c9E - Gilles &amp; Boissier<\/title>\n<meta name=\"robots\" content=\"noindex, follow, max-snippet:-1, max-image-preview:large, max-video-preview:-1\" \/>\n<meta property=\"og:locale\" content=\"en_US\" \/>\n<meta property=\"og:type\" content=\"article\" \/>\n<meta property=\"og:title\" content=\"\u00c9G\u00c9E - Gilles &amp; Boissier\" \/>\n<meta property=\"og:description\" content=\"Calacatta Oro marble top \/ Black waxed brushed cedar baseW 90,55 x D 37,80 x H 29,13 inch\" \/>\n<meta property=\"og:url\" content=\"https:\/\/gillesetboissier.prodsolead.com\/en\/product\/egee\/\" \/>\n<meta property=\"og:site_name\" content=\"Gilles &amp; Boissier\" \/>\n<meta property=\"article:modified_time\" content=\"2025-10-19T10:16:23+00:00\" \/>\n<meta name=\"twitter:card\" content=\"summary_large_image\" \/>\n<script type=\"application\/ld+json\" class=\"yoast-schema-graph\">{\"@context\":\"https:\/\/schema.org\",\"@graph\":[{\"@type\":\"WebPage\",\"@id\":\"https:\/\/gillesetboissier.prodsolead.com\/en\/product\/egee\/\",\"url\":\"https:\/\/gillesetboissier.prodsolead.com\/en\/product\/egee\/\",\"name\":\"\u00c9G\u00c9E - Gilles &amp; Boissier\",\"isPartOf\":{\"@id\":\"https:\/\/gillesetboissier.prodsolead.com\/en\/#website\"},\"datePublished\":\"2025-05-26T12:37:42+00:00\",\"dateModified\":\"2025-10-19T10:16:23+00:00\",\"breadcrumb\":{\"@id\":\"https:\/\/gillesetboissier.prodsolead.com\/en\/product\/egee\/#breadcrumb\"},\"inLanguage\":\"en-US\",\"potentialAction\":[{\"@type\":\"ReadAction\",\"target\":[\"https:\/\/gillesetboissier.prodsolead.com\/en\/product\/egee\/\"]}]},{\"@type\":\"BreadcrumbList\",\"@id\":\"https:\/\/gillesetboissier.prodsolead.com\/en\/product\/egee\/#breadcrumb\",\"itemListElement\":[{\"@type\":\"ListItem\",\"position\":1,\"name\":\"Accueil\",\"item\":\"https:\/\/gillesetboissier.prodsolead.com\/en\/\"},{\"@type\":\"ListItem\",\"position\":2,\"name\":\"Shop classic\",\"item\":\"https:\/\/gillesetboissier.prodsolead.com\/en\/shop-old\/\"},{\"@type\":\"ListItem\",\"position\":3,\"name\":\"\u00c9G\u00c9E\"}]},{\"@type\":\"WebSite\",\"@id\":\"https:\/\/gillesetboissier.prodsolead.com\/en\/#website\",\"url\":\"https:\/\/gillesetboissier.prodsolead.com\/en\/\",\"name\":\"Gilles & Boissier\",\"description\":\"Agence d\u2019architecture, de d\u00e9coration et de graphisme.\",\"publisher\":{\"@id\":\"https:\/\/gillesetboissier.prodsolead.com\/en\/#organization\"},\"potentialAction\":[{\"@type\":\"SearchAction\",\"target\":{\"@type\":\"EntryPoint\",\"urlTemplate\":\"https:\/\/gillesetboissier.prodsolead.com\/en\/?s={search_term_string}\"},\"query-input\":{\"@type\":\"PropertyValueSpecification\",\"valueRequired\":true,\"valueName\":\"search_term_string\"}}],\"inLanguage\":\"en-US\"},{\"@type\":\"Organization\",\"@id\":\"https:\/\/gillesetboissier.prodsolead.com\/en\/#organization\",\"name\":\"Gilles & Boissier\",\"url\":\"https:\/\/gillesetboissier.prodsolead.com\/en\/\",\"logo\":{\"@type\":\"ImageObject\",\"inLanguage\":\"en-US\",\"@id\":\"https:\/\/gillesetboissier.prodsolead.com\/en\/#\/schema\/logo\/image\/\",\"url\":\"https:\/\/gillesetboissier.prodsolead.com\/wp-content\/uploads\/LOGO-Gilles-et-boissier.png\",\"contentUrl\":\"https:\/\/gillesetboissier.prodsolead.com\/wp-content\/uploads\/LOGO-Gilles-et-boissier.png\",\"width\":496,\"height\":43,\"caption\":\"Gilles & Boissier\"},\"image\":{\"@id\":\"https:\/\/gillesetboissier.prodsolead.com\/en\/#\/schema\/logo\/image\/\"}}]}<\/script>\n<!-- \/ Yoast SEO plugin. -->","yoast_head_json":{"title":"\u00c9G\u00c9E - Gilles &amp; Boissier","robots":{"index":"noindex","follow":"follow","max-snippet":"max-snippet:-1","max-image-preview":"max-image-preview:large","max-video-preview":"max-video-preview:-1"},"og_locale":"en_US","og_type":"article","og_title":"\u00c9G\u00c9E - Gilles &amp; Boissier","og_description":"Calacatta Oro marble top \/ Black waxed brushed cedar baseW 90,55 x D 37,80 x H 29,13 inch","og_url":"https:\/\/gillesetboissier.prodsolead.com\/en\/product\/egee\/","og_site_name":"Gilles &amp; Boissier","article_modified_time":"2025-10-19T10:16:23+00:00","twitter_card":"summary_large_image","schema":{"@context":"https:\/\/schema.org","@graph":[{"@type":"WebPage","@id":"https:\/\/gillesetboissier.prodsolead.com\/en\/product\/egee\/","url":"https:\/\/gillesetboissier.prodsolead.com\/en\/product\/egee\/","name":"\u00c9G\u00c9E - Gilles &amp; Boissier","isPartOf":{"@id":"https:\/\/gillesetboissier.prodsolead.com\/en\/#website"},"datePublished":"2025-05-26T12:37:42+00:00","dateModified":"2025-10-19T10:16:23+00:00","breadcrumb":{"@id":"https:\/\/gillesetboissier.prodsolead.com\/en\/product\/egee\/#breadcrumb"},"inLanguage":"en-US","potentialAction":[{"@type":"ReadAction","target":["https:\/\/gillesetboissier.prodsolead.com\/en\/product\/egee\/"]}]},{"@type":"BreadcrumbList","@id":"https:\/\/gillesetboissier.prodsolead.com\/en\/product\/egee\/#breadcrumb","itemListElement":[{"@type":"ListItem","position":1,"name":"Accueil","item":"https:\/\/gillesetboissier.prodsolead.com\/en\/"},{"@type":"ListItem","position":2,"name":"Shop classic","item":"https:\/\/gillesetboissier.prodsolead.com\/en\/shop-old\/"},{"@type":"ListItem","position":3,"name":"\u00c9G\u00c9E"}]},{"@type":"WebSite","@id":"https:\/\/gillesetboissier.prodsolead.com\/en\/#website","url":"https:\/\/gillesetboissier.prodsolead.com\/en\/","name":"Gilles & Boissier","description":"Agence d\u2019architecture, de d\u00e9coration et de graphisme.","publisher":{"@id":"https:\/\/gillesetboissier.prodsolead.com\/en\/#organization"},"potentialAction":[{"@type":"SearchAction","target":{"@type":"EntryPoint","urlTemplate":"https:\/\/gillesetboissier.prodsolead.com\/en\/?s={search_term_string}"},"query-input":{"@type":"PropertyValueSpecification","valueRequired":true,"valueName":"search_term_string"}}],"inLanguage":"en-US"},{"@type":"Organization","@id":"https:\/\/gillesetboissier.prodsolead.com\/en\/#organization","name":"Gilles & Boissier","url":"https:\/\/gillesetboissier.prodsolead.com\/en\/","logo":{"@type":"ImageObject","inLanguage":"en-US","@id":"https:\/\/gillesetboissier.prodsolead.com\/en\/#\/schema\/logo\/image\/","url":"https:\/\/gillesetboissier.prodsolead.com\/wp-content\/uploads\/LOGO-Gilles-et-boissier.png","contentUrl":"https:\/\/gillesetboissier.prodsolead.com\/wp-content\/uploads\/LOGO-Gilles-et-boissier.png","width":496,"height":43,"caption":"Gilles & Boissier"},"image":{"@id":"https:\/\/gillesetboissier.prodsolead.com\/en\/#\/schema\/logo\/image\/"}}]}},"acf":[],"_links":{"self":[{"href":"https:\/\/gillesetboissier.prodsolead.com\/en\/wp-json\/wp\/v2\/product\/24881","targetHints":{"allow":["GET"]}}],"collection":[{"href":"https:\/\/gillesetboissier.prodsolead.com\/en\/wp-json\/wp\/v2\/product"}],"about":[{"href":"https:\/\/gillesetboissier.prodsolead.com\/en\/wp-json\/wp\/v2\/types\/product"}],"wp:attachment":[{"href":"https:\/\/gillesetboissier.prodsolead.com\/en\/wp-json\/wp\/v2\/media?parent=24881"}],"wp:term":[{"taxonomy":"product_cat","embeddable":true,"href":"https:\/\/gillesetboissier.prodsolead.com\/en\/wp-json\/wp\/v2\/product_cat?post=24881"},{"taxonomy":"product_tag","embeddable":true,"href":"https:\/\/gillesetboissier.prodsolead.com\/en\/wp-json\/wp\/v2\/product_tag?post=24881"}],"curies":[{"name":"wp","href":"https:\/\/api.w.org\/{rel}","templated":true}]}}